{"id":16240,"date":"2023-10-16T07:18:14","date_gmt":"2023-10-16T07:18:14","guid":{"rendered":"https:\/\/linearmediapro.com\/contacta-con-nosotros\/"},"modified":"2025-05-14T07:49:29","modified_gmt":"2025-05-14T07:49:29","slug":"contacta-con-nosotros","status":"publish","type":"page","link":"https:\/\/linearmediapro.com\/es\/contacta-con-nosotros\/","title":{"rendered":"Contacta con nosotros"},"content":{"rendered":"\t\t<div data-elementor-type=\"wp-page\" data-elementor-id=\"16240\" class=\"elementor elementor-16240\" data-elementor-post-type=\"page\">\n\t\t\t\t<div class=\"elementor-element elementor-element-9f38276 e-con-full e-flex parallax_section_no qode_elementor_container_no e-con e-parent\" data-id=\"9f38276\" data-element_type=\"container\" data-e-type=\"container\">\n\t\t<div class=\"elementor-element elementor-element-d50d578 e-con-full e-flex parallax_section_no qode_elementor_container_no e-con e-child\" data-id=\"d50d578\" data-element_type=\"container\" data-e-type=\"container\" data-settings=\"{&quot;background_background&quot;:&quot;classic&quot;}\">\n\t\t<div class=\"elementor-element elementor-element-dd82272 e-con-full e-flex parallax_section_no qode_elementor_container_no e-con e-child\" data-id=\"dd82272\" data-element_type=\"container\" data-e-type=\"container\">\n\t\t\t\t<div class=\"elementor-element elementor-element-488a368 elementor-widget elementor-widget-text-editor\" data-id=\"488a368\" data-element_type=\"widget\" data-e-type=\"widget\" data-widget_type=\"text-editor.default\">\n\t\t\t\t<div class=\"elementor-widget-container\">\n\t\t\t\t\t\t\t\t\t<h5>CONT\u00c1CTANOS<\/h5>\t\t\t\t\t\t\t\t<\/div>\n\t\t\t\t<\/div>\n\t\t\t\t<div class=\"elementor-element elementor-element-1121a30 elementor-widget__width-initial elementor-widget elementor-widget-text-editor\" data-id=\"1121a30\" data-element_type=\"widget\" data-e-type=\"widget\" data-widget_type=\"text-editor.default\">\n\t\t\t\t<div class=\"elementor-widget-container\">\n\t\t\t\t\t\t\t\t\t<div class=\"elementor-element elementor-element-91750ad elementor-widget__width-initial elementor-widget-tablet__width-inherit elementor-widget elementor-widget-laurits_core_section_title\" data-id=\"91750ad\" data-element_type=\"widget\" data-widget_type=\"laurits_core_section_title.default\"><div class=\"elementor-widget-container\"><div class=\"qodef-shortcode qodef-m qodef-section-title qodef-alignment--left qodef-appear-animation--no \"><h2 class=\"qodef-m-title\">TRABAJAMOS CON CLIENTES INTERNACIONALES<\/h2><\/div><\/div><\/div>\t\t\t\t\t\t\t\t<\/div>\n\t\t\t\t<\/div>\n\t\t\t\t<\/div>\n\t\t\t\t<div class=\"elementor-element elementor-element-d4cc749 elementor-widget__width-initial elementor-widget elementor-widget-bridge_cf_7\" data-id=\"d4cc749\" data-element_type=\"widget\" data-e-type=\"widget\" data-widget_type=\"bridge_cf_7.default\">\n\t\t\t\t<div class=\"elementor-widget-container\">\n\t\t\t\t\t    <div class=\"qode-contact-form-7 qode-contact-form-7-0\">\n    \n<div class=\"wpcf7 no-js\" id=\"wpcf7-f13814-o1\" lang=\"en-US\" dir=\"ltr\" data-wpcf7-id=\"13814\">\n<div class=\"screen-reader-response\"><p role=\"status\" aria-live=\"polite\" aria-atomic=\"true\"><\/p> <ul><\/ul><\/div>\n<form action=\"\/es\/wp-json\/wp\/v2\/pages\/16240#wpcf7-f13814-o1\" method=\"post\" class=\"wpcf7-form init cf7_custom_style_1\" aria-label=\"Contact form\" novalidate=\"novalidate\" data-status=\"init\">\n<fieldset class=\"hidden-fields-container\"><input type=\"hidden\" name=\"_wpcf7\" value=\"13814\" \/><input type=\"hidden\" name=\"_wpcf7_version\" value=\"6.1\" \/><input type=\"hidden\" name=\"_wpcf7_locale\" value=\"en_US\" \/><input type=\"hidden\" name=\"_wpcf7_unit_tag\" value=\"wpcf7-f13814-o1\" \/><input type=\"hidden\" name=\"_wpcf7_container_post\" value=\"0\" \/><input type=\"hidden\" name=\"_wpcf7_posted_data_hash\" value=\"\" \/><input type=\"hidden\" name=\"_wpcf7_recaptcha_response\" value=\"\" \/>\n<\/fieldset>\n<div class=\"qode-contact-form\">\n  <div class=\"qode-input-holder\">\n    <span class=\"wpcf7-form-control-wrap\" data-name=\"your-name\"><input size=\"40\" maxlength=\"400\" class=\"wpcf7-form-control wpcf7-text wpcf7-validates-as-required\" aria-required=\"true\" aria-invalid=\"false\" placeholder=\"Name\" value=\"\" type=\"text\" name=\"your-name\" \/><\/span>\n    <span class=\"wpcf7-form-control-wrap\" data-name=\"your-email\"><input size=\"40\" maxlength=\"400\" class=\"wpcf7-form-control wpcf7-email wpcf7-validates-as-required wpcf7-text wpcf7-validates-as-email\" aria-required=\"true\" aria-invalid=\"false\" placeholder=\"Email\" value=\"\" type=\"email\" name=\"your-email\" \/><\/span>\n    <span class=\"wpcf7-form-control-wrap\" data-name=\"your-subject\"><input size=\"40\" maxlength=\"400\" class=\"wpcf7-form-control wpcf7-text\" aria-invalid=\"false\" placeholder=\"Subject\" value=\"\" type=\"text\" name=\"your-subject\" \/><\/span>\n  <\/div>\n\n  <div class=\"qode-button-holder\">\n    <span class=\"wpcf7-form-control-wrap\" data-name=\"your-message\"><textarea cols=\"40\" rows=\"10\" maxlength=\"2000\" class=\"wpcf7-form-control wpcf7-textarea\" aria-invalid=\"false\" placeholder=\"Message\" name=\"your-message\"><\/textarea><\/span>\n\n    <span class=\"wpcf7-form-control-wrap recaptcha\" data-name=\"recaptcha\"><span data-sitekey=\"6Lf-7nArAAAAAHyeKqA1V3_O87TVMq7sGA3ppAad\" class=\"wpcf7-form-control wpcf7-recaptcha g-recaptcha\"><\/span>\r\n<noscript>\r\n\t<div class=\"grecaptcha-noscript\">\r\n\t\t<iframe src=\"https:\/\/www.google.com\/recaptcha\/api\/fallback?k=6Lf-7nArAAAAAHyeKqA1V3_O87TVMq7sGA3ppAad\" frameborder=\"0\" scrolling=\"no\" width=\"310\" height=\"430\">\r\n\t\t<\/iframe>\r\n\t\t<textarea name=\"g-recaptcha-response\" rows=\"3\" cols=\"40\" placeholder=\"reCaptcha Response Here\">\r\n\t\t<\/textarea>\r\n\t<\/div>\r\n<\/noscript>\r\n<\/span> <!-- Este s\u00ed funciona con este plugin -->\n\n    <div class=\"qode-submit-outer\">\n      <input class=\"wpcf7-form-control wpcf7-submit has-spinner\" type=\"submit\" value=\"Send Message\" \/>\n    <\/div>\n  <\/div>\n<\/div><div class=\"wpcf7-response-output\" aria-hidden=\"true\"><\/div>\n<\/form>\n<\/div>\n    <\/div>\n\t\t\t\t<\/div>\n\t\t\t\t<\/div>\n\t\t\t\t<\/div>\n\t\t<div class=\"elementor-element elementor-element-78b9321 e-con-full e-flex parallax_section_no qode_elementor_container_no e-con e-child\" data-id=\"78b9321\" data-element_type=\"container\" data-e-type=\"container\" data-settings=\"{&quot;background_background&quot;:&quot;classic&quot;}\">\n\t\t\t\t<div class=\"elementor-element elementor-element-d19d543 elementor-widget__width-inherit elementor-widget-mobile__width-inherit elementor-widget elementor-widget-text-editor\" data-id=\"d19d543\" data-element_type=\"widget\" data-e-type=\"widget\" data-widget_type=\"text-editor.default\">\n\t\t\t\t<div class=\"elementor-widget-container\">\n\t\t\t\t\t\t\t\t\t<h4 style=\"text-align: center;\">OFRECEMOS SERVICIOS EN INGL\u00c9S Y ESPA\u00d1OL<\/h4>\t\t\t\t\t\t\t\t<\/div>\n\t\t\t\t<\/div>\n\t\t\t\t<div class=\"elementor-element elementor-element-6fa2957 elementor-widget__width-inherit elementor-widget elementor-widget-text-editor\" data-id=\"6fa2957\" data-element_type=\"widget\" data-e-type=\"widget\" data-widget_type=\"text-editor.default\">\n\t\t\t\t<div class=\"elementor-widget-container\">\n\t\t\t\t\t\t\t\t\t<h2 style=\"text-align: center;\">AMERICA &amp; EUROPE<\/h2>\t\t\t\t\t\t\t\t<\/div>\n\t\t\t\t<\/div>\n\t\t<div class=\"elementor-element elementor-element-672e52e e-con-full e-flex parallax_section_no qode_elementor_container_no e-con e-child\" data-id=\"672e52e\" data-element_type=\"container\" data-e-type=\"container\">\n\t\t<div class=\"elementor-element elementor-element-b2eef85 e-con-full e-flex parallax_section_no qode_elementor_container_no e-con e-child\" data-id=\"b2eef85\" data-element_type=\"container\" data-e-type=\"container\">\n\t\t\t\t<div class=\"elementor-element elementor-element-a94620a elementor-widget elementor-widget-image\" data-id=\"a94620a\" data-element_type=\"widget\" data-e-type=\"widget\" data-widget_type=\"image.default\">\n\t\t\t\t<div class=\"elementor-widget-container\">\n\t\t\t\t\t\t\t\t\t\t\t\t\t\t\t<img decoding=\"async\" width=\"200\" height=\"200\" src=\"https:\/\/linearmediapro.com\/wp-content\/uploads\/2025\/05\/16699-200.png\" class=\"attachment-full size-full wp-image-15700\" alt=\"\" srcset=\"https:\/\/linearmediapro.com\/wp-content\/uploads\/2025\/05\/16699-200.png 200w, https:\/\/linearmediapro.com\/wp-content\/uploads\/2025\/05\/16699-200-150x150.png 150w\" sizes=\"(max-width: 200px) 100vw, 200px\" \/>\t\t\t\t\t\t\t\t\t\t\t\t\t\t\t<\/div>\n\t\t\t\t<\/div>\n\t\t\t\t<div class=\"elementor-element elementor-element-f211ecf elementor-widget elementor-widget-heading\" data-id=\"f211ecf\" data-element_type=\"widget\" data-e-type=\"widget\" data-widget_type=\"heading.default\">\n\t\t\t\t<div class=\"elementor-widget-container\">\n\t\t\t\t\t<h4 class=\"elementor-heading-title elementor-size-default\">AMERICA<\/h4>\t\t\t\t<\/div>\n\t\t\t\t<\/div>\n\t\t\t\t<div class=\"elementor-element elementor-element-713eb8f elementor-widget elementor-widget-text-editor\" data-id=\"713eb8f\" data-element_type=\"widget\" data-e-type=\"widget\" data-widget_type=\"text-editor.default\">\n\t\t\t\t<div class=\"elementor-widget-container\">\n\t\t\t\t\t\t\t\t\t<p style=\"text-align: center;\">Orlando, Florida<!-- notionvc: 5fd1f23c-47b3-4324-b93c-84a29fa57390 --><!-- notionvc: 619763a2-ddcb-4b37-aeaf-a3dcd4ca8df3 --><\/p>\t\t\t\t\t\t\t\t<\/div>\n\t\t\t\t<\/div>\n\t\t\t\t<\/div>\n\t\t<div class=\"elementor-element elementor-element-d1c78ce e-con-full e-flex parallax_section_no qode_elementor_container_no e-con e-child\" data-id=\"d1c78ce\" data-element_type=\"container\" data-e-type=\"container\">\n\t\t\t\t<div class=\"elementor-element elementor-element-7fccf0f elementor-widget elementor-widget-image\" data-id=\"7fccf0f\" data-element_type=\"widget\" data-e-type=\"widget\" data-widget_type=\"image.default\">\n\t\t\t\t<div class=\"elementor-widget-container\">\n\t\t\t\t\t\t\t\t\t\t\t\t\t\t\t<img decoding=\"async\" width=\"200\" height=\"200\" src=\"https:\/\/linearmediapro.com\/wp-content\/uploads\/2025\/05\/922251-200.png\" class=\"attachment-full size-full wp-image-15698\" alt=\"\" srcset=\"https:\/\/linearmediapro.com\/wp-content\/uploads\/2025\/05\/922251-200.png 200w, https:\/\/linearmediapro.com\/wp-content\/uploads\/2025\/05\/922251-200-150x150.png 150w\" sizes=\"(max-width: 200px) 100vw, 200px\" \/>\t\t\t\t\t\t\t\t\t\t\t\t\t\t\t<\/div>\n\t\t\t\t<\/div>\n\t\t\t\t<div class=\"elementor-element elementor-element-ee136c8 elementor-widget elementor-widget-heading\" data-id=\"ee136c8\" data-element_type=\"widget\" data-e-type=\"widget\" data-widget_type=\"heading.default\">\n\t\t\t\t<div class=\"elementor-widget-container\">\n\t\t\t\t\t<h4 class=\"elementor-heading-title elementor-size-default\">EUROPE<\/h4>\t\t\t\t<\/div>\n\t\t\t\t<\/div>\n\t\t\t\t<div class=\"elementor-element elementor-element-010cad2 elementor-widget elementor-widget-text-editor\" data-id=\"010cad2\" data-element_type=\"widget\" data-e-type=\"widget\" data-widget_type=\"text-editor.default\">\n\t\t\t\t<div class=\"elementor-widget-container\">\n\t\t\t\t\t\t\t\t\t<p style=\"text-align: center;\">Alicante, Spain<!-- notionvc: 619763a2-ddcb-4b37-aeaf-a3dcd4ca8df3 --><\/p>\t\t\t\t\t\t\t\t<\/div>\n\t\t\t\t<\/div>\n\t\t\t\t<\/div>\n\t\t\t\t<\/div>\n\t\t\t\t<\/div>\n\t\t\t\t<\/div>\n\t\t\t\t<\/div>\n\t\t","protected":false},"excerpt":{"rendered":"<p>CONT\u00c1CTANOS TRABAJAMOS CON CLIENTES INTERNACIONALES OFRECEMOS SERVICIOS EN INGL\u00c9S Y ESPA\u00d1OL AMERICA &amp; EUROPE AMERICA Orlando, Florida EUROPE Alicante, Spain<\/p>\n","protected":false},"author":1,"featured_media":0,"parent":0,"menu_order":0,"comment_status":"closed","ping_status":"closed","template":"full_width.php","meta":{"_joinchat":[],"footnotes":""},"class_list":["post-16240","page","type-page","status-publish","hentry"],"_links":{"self":[{"href":"https:\/\/linearmediapro.com\/es\/wp-json\/wp\/v2\/pages\/16240","targetHints":{"allow":["GET"]}}],"collection":[{"href":"https:\/\/linearmediapro.com\/es\/wp-json\/wp\/v2\/pages"}],"about":[{"href":"https:\/\/linearmediapro.com\/es\/wp-json\/wp\/v2\/types\/page"}],"author":[{"embeddable":true,"href":"https:\/\/linearmediapro.com\/es\/wp-json\/wp\/v2\/users\/1"}],"replies":[{"embeddable":true,"href":"https:\/\/linearmediapro.com\/es\/wp-json\/wp\/v2\/comments?post=16240"}],"version-history":[{"count":6,"href":"https:\/\/linearmediapro.com\/es\/wp-json\/wp\/v2\/pages\/16240\/revisions"}],"predecessor-version":[{"id":16345,"href":"https:\/\/linearmediapro.com\/es\/wp-json\/wp\/v2\/pages\/16240\/revisions\/16345"}],"wp:attachment":[{"href":"https:\/\/linearmediapro.com\/es\/wp-json\/wp\/v2\/media?parent=16240"}],"curies":[{"name":"wp","href":"https:\/\/api.w.org\/{rel}","templated":true}]}}