{"id":16239,"date":"2023-10-11T12:03:42","date_gmt":"2023-10-11T12:03:42","guid":{"rendered":"https:\/\/linearmediapro.com\/quienes-somos\/"},"modified":"2025-05-21T10:20:29","modified_gmt":"2025-05-21T10:20:29","slug":"quienes-somos","status":"publish","type":"page","link":"https:\/\/linearmediapro.com\/es\/quienes-somos\/","title":{"rendered":"Qui\u00e9nes somos"},"content":{"rendered":"\t\t<div data-elementor-type=\"wp-page\" data-elementor-id=\"16239\" class=\"elementor elementor-16239\" data-elementor-post-type=\"page\">\n\t\t\t\t<div class=\"elementor-element elementor-element-acf7471 e-con-full e-flex parallax_section_no qode_elementor_container_no e-con e-parent\" data-id=\"acf7471\" data-element_type=\"container\" data-e-type=\"container\" data-settings=\"{&quot;background_background&quot;:&quot;classic&quot;}\">\n\t\t<div class=\"elementor-element elementor-element-a8dda4d e-con-full e-flex parallax_section_no qode_elementor_container_no e-con e-child\" data-id=\"a8dda4d\" data-element_type=\"container\" data-e-type=\"container\" data-settings=\"{&quot;background_background&quot;:&quot;slideshow&quot;,&quot;background_slideshow_gallery&quot;:[],&quot;background_slideshow_loop&quot;:&quot;yes&quot;,&quot;background_slideshow_slide_duration&quot;:5000,&quot;background_slideshow_slide_transition&quot;:&quot;fade&quot;,&quot;background_slideshow_transition_duration&quot;:500}\">\n\t\t\t\t<div class=\"elementor-element elementor-element-c4c7f0f elementor-widget elementor-widget-text-editor\" data-id=\"c4c7f0f\" data-element_type=\"widget\" data-e-type=\"widget\" data-widget_type=\"text-editor.default\">\n\t\t\t\t<div class=\"elementor-widget-container\">\n\t\t\t\t\t\t\t\t\t<h2><span style=\"color: #ffffff;\">LINEAR (adj.)<\/span><\/h2>\t\t\t\t\t\t\t\t<\/div>\n\t\t\t\t<\/div>\n\t\t\t\t<div class=\"elementor-element elementor-element-74edf8d elementor-widget elementor-widget-qi_addons_for_elementor_typeout_text\" data-id=\"74edf8d\" data-element_type=\"widget\" data-e-type=\"widget\" data-widget_type=\"qi_addons_for_elementor_typeout_text.default\">\n\t\t\t\t<div class=\"elementor-widget-container\">\n\t\t\t\t\t<div class=\"qodef-shortcode qodef-m qodef-qi-typeout-text\" data-strings=\"[&quot;decisi\\u00f3n contribuya a un resultado cohesivo y con impacto.&quot;]\" data-cursor=\"|\">\n\t<h6 class=\"qodef-m-text\">\n\t\t\t\t\tClaridad, enfoque y una progresi\u00f3n fluida en su enfoque. As\u00ed como una l\u00ednea se mueve directamente hacia su destino sin desv\u00edos innecesarios, cada paso se alinea con un prop\u00f3sito, asegurando que cada\t\t\t\t<span class=\"qodef-typeout-holder\">\n\t\t\t<span class=\"qodef-typeout\"><\/span>\n\t\t<\/span>\n\t<\/h6>\n<\/div>\n\t\t\t\t<\/div>\n\t\t\t\t<\/div>\n\t\t\t\t<\/div>\n\t\t\t\t<\/div>\n\t\t<div class=\"elementor-element elementor-element-9f38276 e-con-full e-flex parallax_section_no qode_elementor_container_no e-con e-parent\" data-id=\"9f38276\" data-element_type=\"container\" data-e-type=\"container\">\n\t\t<div class=\"elementor-element elementor-element-d50d578 e-con-full e-flex parallax_section_no qode_elementor_container_no e-con e-child\" data-id=\"d50d578\" data-element_type=\"container\" data-e-type=\"container\" data-settings=\"{&quot;background_background&quot;:&quot;classic&quot;}\">\n\t\t\t\t<div class=\"elementor-element elementor-element-5593818 elementor-widget__width-initial elementor-widget elementor-widget-qi_addons_for_elementor_icon_with_text\" data-id=\"5593818\" data-element_type=\"widget\" data-e-type=\"widget\" data-widget_type=\"qi_addons_for_elementor_icon_with_text.default\">\n\t\t\t\t<div class=\"elementor-widget-container\">\n\t\t\t\t\t<div class=\"qodef-shortcode qodef-m qodef-qi-icon-with-text qodef-layout--before-title qodef--\" >\n\t<div class=\"qodef-m-content\">\n\t\t\t<h4 class=\"qodef-m-title\">\n\t\t\t\t\t<span class=\"qodef-m-title-inner\">\n\t\t\t\t\t\t\t\t<span class=\"qodef-m-title-text\">\n\t\t\t\t\tENFOQUE\t\t\t\t<\/span>\n\t\t\t<\/span>\n\t\t\t<\/h4>\n\t\t\t\t\t<div class=\"qodef-m-text\"><p>Cada proyecto comienza escuchando. Adaptamos nuestra estrategia a tus objetivos, combinamos creatividad con claridad y colaboramos contigo de cerca para construir algo que realmente refleje tu marca\u2026 y la impulse hacia adelante.<\/p><\/div>\n\t\t\t<\/div>\n<\/div>\n\t\t\t\t<\/div>\n\t\t\t\t<\/div>\n\t\t\t\t<div class=\"elementor-element elementor-element-7e02285 elementor-widget__width-initial elementor-widget elementor-widget-qi_addons_for_elementor_icon_with_text\" data-id=\"7e02285\" data-element_type=\"widget\" data-e-type=\"widget\" data-widget_type=\"qi_addons_for_elementor_icon_with_text.default\">\n\t\t\t\t<div class=\"elementor-widget-container\">\n\t\t\t\t\t<div class=\"qodef-shortcode qodef-m qodef-qi-icon-with-text qodef-layout--before-title qodef--\" >\n\t<div class=\"qodef-m-content\">\n\t\t\t<h4 class=\"qodef-m-title\">\n\t\t\t\t\t<span class=\"qodef-m-title-inner\">\n\t\t\t\t\t\t\t\t<span class=\"qodef-m-title-text\">\n\t\t\t\t\tFILOSOF\u00cdA\t\t\t\t<\/span>\n\t\t\t<\/span>\n\t\t\t<\/h4>\n\t\t\t\t\t<div class=\"qodef-m-text\"><p>Creemos que una marca va m\u00e1s all\u00e1 de lo visual: es lo que las personas sienten al experimentar tu trabajo. Nuestro objetivo es crear historias aut\u00e9nticas e intencionales que conecten, inspiren y dejen una impresi\u00f3n duradera.<\/p><\/div>\n\t\t\t<\/div>\n<\/div>\n\t\t\t\t<\/div>\n\t\t\t\t<\/div>\n\t\t\t\t<\/div>\n\t\t<div class=\"elementor-element elementor-element-78b9321 e-con-full e-flex parallax_section_no qode_elementor_container_no e-con e-child\" data-id=\"78b9321\" data-element_type=\"container\" data-e-type=\"container\">\n\t\t<div class=\"elementor-element elementor-element-87e4ea1 e-con-full e-flex parallax_section_no qode_elementor_container_no e-con e-child\" data-id=\"87e4ea1\" data-element_type=\"container\" data-e-type=\"container\" data-settings=\"{&quot;background_background&quot;:&quot;classic&quot;}\">\n\t\t\t\t<div class=\"elementor-element elementor-element-513a6ff elementor-widget elementor-widget-text-editor\" data-id=\"513a6ff\" data-element_type=\"widget\" data-e-type=\"widget\" data-widget_type=\"text-editor.default\">\n\t\t\t\t<div class=\"elementor-widget-container\">\n\t\t\t\t\t\t\t\t\t<h6>quien somos<\/h6>\t\t\t\t\t\t\t\t<\/div>\n\t\t\t\t<\/div>\n\t\t\t\t<div class=\"elementor-element elementor-element-fe8e2e2 elementor-widget elementor-widget-heading\" data-id=\"fe8e2e2\" data-element_type=\"widget\" data-e-type=\"widget\" data-widget_type=\"heading.default\">\n\t\t\t\t<div class=\"elementor-widget-container\">\n\t\t\t\t\t<h2 class=\"elementor-heading-title elementor-size-default\">NUESTRA HISTORIA<\/h2>\t\t\t\t<\/div>\n\t\t\t\t<\/div>\n\t\t\t\t<div class=\"elementor-element elementor-element-f7bffcb elementor-widget__width-initial elementor-widget elementor-widget-text-editor\" data-id=\"f7bffcb\" data-element_type=\"widget\" data-e-type=\"widget\" data-widget_type=\"text-editor.default\">\n\t\t\t\t<div class=\"elementor-widget-container\">\n\t\t\t\t\t\t\t\t\t<p class=\"p1\">Nos llamamos <a href=\"https:\/\/www.sarahrxhughes.com\/\" target=\"_blank\" rel=\"noopener\"><span style=\"text-decoration: underline;\">Sarah<\/span><\/a> y <a href=\"https:\/\/fernandongz.com\/\" target=\"_blank\" rel=\"noopener\"><span style=\"text-decoration: underline;\">Fernando<\/span><\/a>. Somos pareja en la vida y en los negocios. LINEAR naci\u00f3 en 2023 y desde entonces ha evolucionado hacia la creaci\u00f3n de contenido y el dise\u00f1o web. Nuestras pasiones nos gu\u00edan por el mundo, y siempre estamos so\u00f1ando en grande y convirtiendo esos sue\u00f1os en realidad. Valoramos profundamente tu visi\u00f3n y estamos comprometidos a dar lo mejor de nosotros para ayudarte a hacerla realidad. Nuestro objetivo es empoderarte para que compartas tu marca con confianza y persigas tus sue\u00f1os m\u00e1s ambiciosos.<\/p>\t\t\t\t\t\t\t\t<\/div>\n\t\t\t\t<\/div>\n\t\t\t\t<div class=\"elementor-element elementor-element-347bc47 elementor-widget elementor-widget-bridge_button_v2\" data-id=\"347bc47\" data-element_type=\"widget\" data-e-type=\"widget\" data-widget_type=\"bridge_button_v2.default\">\n\t\t\t\t<div class=\"elementor-widget-container\">\n\t\t\t\t\t\n\n\t<a href=\"https:\/\/www.instagram.com\/linear.mk\/\" target=\"_self\"  class=\"qode-btn qode-btn-medium qode-btn-simple\"  >\n\t    <span class=\"qode-btn-text\">S\u00cdGUENOS<\/span>\t<\/a>\n\n\t\t\t\t<\/div>\n\t\t\t\t<\/div>\n\t\t\t\t<\/div>\n\t\t\t\t<\/div>\n\t\t\t\t<\/div>\n\t\t<div class=\"elementor-element elementor-element-27dd523 e-flex e-con-boxed parallax_section_no qode_elementor_container_no e-con e-parent\" data-id=\"27dd523\" data-element_type=\"container\" data-e-type=\"container\">\n\t\t\t\t\t<div class=\"e-con-inner\">\n\t\t\t\t<div class=\"elementor-element elementor-element-bd44b47 elementor-widget__width-inherit elementor-grid-3 elementor-grid-tablet-2 elementor-grid-mobile-1 elementor-widget elementor-widget-portfolio\" data-id=\"bd44b47\" data-element_type=\"widget\" data-e-type=\"widget\" data-settings=\"{&quot;item_ratio&quot;:{&quot;unit&quot;:&quot;px&quot;,&quot;size&quot;:1.17,&quot;sizes&quot;:[]},&quot;row_gap&quot;:{&quot;unit&quot;:&quot;px&quot;,&quot;size&quot;:12,&quot;sizes&quot;:[]},&quot;columns&quot;:&quot;3&quot;,&quot;columns_tablet&quot;:&quot;2&quot;,&quot;columns_mobile&quot;:&quot;1&quot;,&quot;item_gap&quot;:{&quot;unit&quot;:&quot;px&quot;,&quot;size&quot;:&quot;&quot;,&quot;sizes&quot;:[]}}\" data-widget_type=\"portfolio.default\">\n\t\t\t\t<div class=\"elementor-widget-container\">\n\t\t\t\t\t\t\t<div class=\"elementor-portfolio elementor-grid elementor-posts-container\">\n\t\t\t\t<article class=\"elementor-portfolio-item elementor-post  post-17988 portfolio_page type-portfolio_page status-publish has-post-thumbnail hentry portfolio_category-marca portfolio_category-creacion-de-contenidos portfolio_category-diseno-web\">\n\t\t\t<a class=\"elementor-post__thumbnail__link\" href=\"https:\/\/linearmediapro.com\/es\/portfolio_page\/inoa-pilates-barre\/\">\n\t\t\t\t<div class=\"elementor-portfolio-item__img elementor-post__thumbnail\">\n\t\t\t<img fetchpriority=\"high\" decoding=\"async\" width=\"683\" height=\"1024\" src=\"https:\/\/linearmediapro.com\/wp-content\/uploads\/2026\/03\/DSC04479-683x1024.jpg\" class=\"attachment-large size-large wp-image-17996\" alt=\"\" srcset=\"https:\/\/linearmediapro.com\/wp-content\/uploads\/2026\/03\/DSC04479-683x1024.jpg 683w, https:\/\/linearmediapro.com\/wp-content\/uploads\/2026\/03\/DSC04479-200x300.jpg 200w, https:\/\/linearmediapro.com\/wp-content\/uploads\/2026\/03\/DSC04479-768x1152.jpg 768w, https:\/\/linearmediapro.com\/wp-content\/uploads\/2026\/03\/DSC04479-1024x1536.jpg 1024w, https:\/\/linearmediapro.com\/wp-content\/uploads\/2026\/03\/DSC04479-1365x2048.jpg 1365w, https:\/\/linearmediapro.com\/wp-content\/uploads\/2026\/03\/DSC04479-700x1050.jpg 700w, https:\/\/linearmediapro.com\/wp-content\/uploads\/2026\/03\/DSC04479-scaled.jpg 1707w\" sizes=\"(max-width: 683px) 100vw, 683px\" \/>\t\t<\/div>\n\t\t\t\t<div class=\"elementor-portfolio-item__overlay\">\n\t\t\t\t<h3 class=\"elementor-portfolio-item__title\">\n\t\tINOA\t\t<\/h3>\n\t\t\t\t<\/div>\n\t\t\t\t<\/a>\n\t\t<\/article>\n\t\t\t\t<article class=\"elementor-portfolio-item elementor-post  post-16458 portfolio_page type-portfolio_page status-publish has-post-thumbnail hentry portfolio_category-creacion-de-contenidos portfolio_category-diseno-web\">\n\t\t\t<a class=\"elementor-post__thumbnail__link\" href=\"https:\/\/linearmediapro.com\/es\/portfolio_page\/fritz\/\">\n\t\t\t\t<div class=\"elementor-portfolio-item__img elementor-post__thumbnail\">\n\t\t\t<img decoding=\"async\" width=\"768\" height=\"1024\" src=\"https:\/\/linearmediapro.com\/wp-content\/uploads\/2025\/05\/FRITZ2-768x1024.jpg\" class=\"attachment-large size-large wp-image-16195\" alt=\"\" srcset=\"https:\/\/linearmediapro.com\/wp-content\/uploads\/2025\/05\/FRITZ2-768x1024.jpg 768w, https:\/\/linearmediapro.com\/wp-content\/uploads\/2025\/05\/FRITZ2-225x300.jpg 225w, https:\/\/linearmediapro.com\/wp-content\/uploads\/2025\/05\/FRITZ2-1152x1536.jpg 1152w, https:\/\/linearmediapro.com\/wp-content\/uploads\/2025\/05\/FRITZ2-1536x2048.jpg 1536w, https:\/\/linearmediapro.com\/wp-content\/uploads\/2025\/05\/FRITZ2-600x800.jpg 600w, https:\/\/linearmediapro.com\/wp-content\/uploads\/2025\/05\/FRITZ2-700x933.jpg 700w, https:\/\/linearmediapro.com\/wp-content\/uploads\/2025\/05\/FRITZ2-scaled.jpg 1920w\" sizes=\"(max-width: 768px) 100vw, 768px\" \/>\t\t<\/div>\n\t\t\t\t<div class=\"elementor-portfolio-item__overlay\">\n\t\t\t\t<h3 class=\"elementor-portfolio-item__title\">\n\t\tFRITZ\t\t<\/h3>\n\t\t\t\t<\/div>\n\t\t\t\t<\/a>\n\t\t<\/article>\n\t\t\t\t<article class=\"elementor-portfolio-item elementor-post  post-16460 portfolio_page type-portfolio_page status-publish has-post-thumbnail hentry portfolio_category-creacion-de-contenidos\">\n\t\t\t<a class=\"elementor-post__thumbnail__link\" href=\"https:\/\/linearmediapro.com\/es\/portfolio_page\/the-searcher\/\">\n\t\t\t\t<div class=\"elementor-portfolio-item__img elementor-post__thumbnail\">\n\t\t\t<img decoding=\"async\" width=\"1024\" height=\"676\" src=\"https:\/\/linearmediapro.com\/wp-content\/uploads\/2025\/05\/Screenshot-2025-05-05-at-11.24.12\u202fPM-1024x676.png\" class=\"attachment-large size-large wp-image-16187\" alt=\"\" srcset=\"https:\/\/linearmediapro.com\/wp-content\/uploads\/2025\/05\/Screenshot-2025-05-05-at-11.24.12\u202fPM-1024x676.png 1024w, https:\/\/linearmediapro.com\/wp-content\/uploads\/2025\/05\/Screenshot-2025-05-05-at-11.24.12\u202fPM-300x198.png 300w, https:\/\/linearmediapro.com\/wp-content\/uploads\/2025\/05\/Screenshot-2025-05-05-at-11.24.12\u202fPM-768x507.png 768w, https:\/\/linearmediapro.com\/wp-content\/uploads\/2025\/05\/Screenshot-2025-05-05-at-11.24.12\u202fPM-1536x1014.png 1536w, https:\/\/linearmediapro.com\/wp-content\/uploads\/2025\/05\/Screenshot-2025-05-05-at-11.24.12\u202fPM-2048x1353.png 2048w, https:\/\/linearmediapro.com\/wp-content\/uploads\/2025\/05\/Screenshot-2025-05-05-at-11.24.12\u202fPM-700x462.png 700w\" sizes=\"(max-width: 1024px) 100vw, 1024px\" \/>\t\t<\/div>\n\t\t\t\t<div class=\"elementor-portfolio-item__overlay\">\n\t\t\t\t<h3 class=\"elementor-portfolio-item__title\">\n\t\tTHE SEARCHER\t\t<\/h3>\n\t\t\t\t<\/div>\n\t\t\t\t<\/a>\n\t\t<\/article>\n\t\t\t\t<\/div>\n\t\t\t\t\t\t<\/div>\n\t\t\t\t<\/div>\n\t\t\t\t<div class=\"elementor-element elementor-element-f25e2af elementor-widget elementor-widget-qi_addons_for_elementor_clients_list\" data-id=\"f25e2af\" data-element_type=\"widget\" data-e-type=\"widget\" data-widget_type=\"qi_addons_for_elementor_clients_list.default\">\n\t\t\t\t<div class=\"elementor-widget-container\">\n\t\t\t\t\t<div class=\"qodef-shortcode qodef-m qodef-qi-clients-list qodef-border--no qodef-qi-grid qodef-layout--qi-columns qodef-col-num--5 qodef-responsive--custom qodef-col-num--1680--5 qodef-col-num--1440--5 qodef-col-num--1366--5 qodef-col-num--1024--5 qodef-col-num--768--3 qodef-col-num--680--3 qodef-col-num--480--3\">\n\t<div class=\"qodef-grid-inner\">\n\t\t<div class=\"qodef-e qodef-grid-item\">\n\t<div class=\"qodef-e-inner\">\n\t\t\t\t<div class=\"qodef-e-images-holder\">\n\t\t\t\t\t\t\t<div class=\"qodef-e-main-image\">\n\t\t\t\t\t<img loading=\"lazy\" decoding=\"async\" width=\"330\" height=\"92\" src=\"https:\/\/linearmediapro.com\/wp-content\/uploads\/2025\/03\/AMUSEDBYLOGO.png\" class=\"attachment-full size-full\" alt=\"\" srcset=\"https:\/\/linearmediapro.com\/wp-content\/uploads\/2025\/03\/AMUSEDBYLOGO.png 330w, https:\/\/linearmediapro.com\/wp-content\/uploads\/2025\/03\/AMUSEDBYLOGO-300x84.png 300w\" sizes=\"(max-width: 330px) 100vw, 330px\" \/>\t\t\t\t<\/div>\n\t\t\t\t\t\t\t\t<\/div>\n\t\t\t\t\t\t\t\t\t<\/div>\n<\/div>\n<div class=\"qodef-e qodef-grid-item\">\n\t<div class=\"qodef-e-inner\">\n\t\t\t\t<div class=\"qodef-e-images-holder\">\n\t\t\t\t\t\t\t<div class=\"qodef-e-main-image\">\n\t\t\t\t\t<img loading=\"lazy\" decoding=\"async\" width=\"330\" height=\"92\" src=\"https:\/\/linearmediapro.com\/wp-content\/uploads\/2025\/03\/MISSELASTICLOGO.png\" class=\"attachment-full size-full\" alt=\"\" srcset=\"https:\/\/linearmediapro.com\/wp-content\/uploads\/2025\/03\/MISSELASTICLOGO.png 330w, https:\/\/linearmediapro.com\/wp-content\/uploads\/2025\/03\/MISSELASTICLOGO-300x84.png 300w\" sizes=\"(max-width: 330px) 100vw, 330px\" \/>\t\t\t\t<\/div>\n\t\t\t\t\t\t\t\t<\/div>\n\t\t\t\t\t\t\t\t\t<\/div>\n<\/div>\n<div class=\"qodef-e qodef-grid-item\">\n\t<div class=\"qodef-e-inner\">\n\t\t\t\t<div class=\"qodef-e-images-holder\">\n\t\t\t\t\t\t\t<div class=\"qodef-e-main-image\">\n\t\t\t\t\t<img loading=\"lazy\" decoding=\"async\" width=\"330\" height=\"92\" src=\"https:\/\/linearmediapro.com\/wp-content\/uploads\/2025\/03\/SPROKENHOUSELOGO.png\" class=\"attachment-full size-full\" alt=\"\" srcset=\"https:\/\/linearmediapro.com\/wp-content\/uploads\/2025\/03\/SPROKENHOUSELOGO.png 330w, https:\/\/linearmediapro.com\/wp-content\/uploads\/2025\/03\/SPROKENHOUSELOGO-300x84.png 300w\" sizes=\"(max-width: 330px) 100vw, 330px\" \/>\t\t\t\t<\/div>\n\t\t\t\t\t\t\t\t<\/div>\n\t\t\t\t\t\t\t\t\t<\/div>\n<\/div>\n<div class=\"qodef-e qodef-grid-item\">\n\t<div class=\"qodef-e-inner\">\n\t\t\t\t<div class=\"qodef-e-images-holder\">\n\t\t\t\t\t\t\t<div class=\"qodef-e-main-image\">\n\t\t\t\t\t<img loading=\"lazy\" decoding=\"async\" width=\"330\" height=\"92\" src=\"https:\/\/linearmediapro.com\/wp-content\/uploads\/2025\/03\/FRITZ-LOGO.png\" class=\"attachment-full size-full\" alt=\"\" srcset=\"https:\/\/linearmediapro.com\/wp-content\/uploads\/2025\/03\/FRITZ-LOGO.png 330w, https:\/\/linearmediapro.com\/wp-content\/uploads\/2025\/03\/FRITZ-LOGO-300x84.png 300w\" sizes=\"(max-width: 330px) 100vw, 330px\" \/>\t\t\t\t<\/div>\n\t\t\t\t\t\t\t\t<\/div>\n\t\t\t\t\t\t\t\t\t<\/div>\n<\/div>\n<div class=\"qodef-e qodef-grid-item\">\n\t<div class=\"qodef-e-inner\">\n\t\t\t\t<div class=\"qodef-e-images-holder\">\n\t\t\t\t\t\t\t<div class=\"qodef-e-main-image\">\n\t\t\t\t\t<img loading=\"lazy\" decoding=\"async\" width=\"330\" height=\"92\" src=\"https:\/\/linearmediapro.com\/wp-content\/uploads\/2025\/03\/THEVISUALSLOGO.png\" class=\"attachment-full size-full\" alt=\"\" srcset=\"https:\/\/linearmediapro.com\/wp-content\/uploads\/2025\/03\/THEVISUALSLOGO.png 330w, https:\/\/linearmediapro.com\/wp-content\/uploads\/2025\/03\/THEVISUALSLOGO-300x84.png 300w\" sizes=\"(max-width: 330px) 100vw, 330px\" \/>\t\t\t\t<\/div>\n\t\t\t\t\t\t\t\t<\/div>\n\t\t\t\t\t\t\t\t\t<\/div>\n<\/div>\n\t<\/div>\n<\/div>\n\t\t\t\t<\/div>\n\t\t\t\t<\/div>\n\t\t\t\t\t<\/div>\n\t\t\t\t<\/div>\n\t\t\t\t<\/div>\n\t\t","protected":false},"excerpt":{"rendered":"<p>LINEAR (adj.) Claridad, enfoque y una progresi\u00f3n fluida en su enfoque. As\u00ed como una l\u00ednea se mueve directamente hacia su destino sin desv\u00edos innecesarios, cada paso se alinea con un prop\u00f3sito, asegurando que cada ENFOQUE Cada proyecto comienza escuchando. Adaptamos nuestra estrategia a tus objetivos,&#8230;<\/p>\n","protected":false},"author":1,"featured_media":0,"parent":0,"menu_order":0,"comment_status":"closed","ping_status":"closed","template":"full_width.php","meta":{"_joinchat":[],"footnotes":""},"class_list":["post-16239","page","type-page","status-publish","hentry"],"_links":{"self":[{"href":"https:\/\/linearmediapro.com\/es\/wp-json\/wp\/v2\/pages\/16239","targetHints":{"allow":["GET"]}}],"collection":[{"href":"https:\/\/linearmediapro.com\/es\/wp-json\/wp\/v2\/pages"}],"about":[{"href":"https:\/\/linearmediapro.com\/es\/wp-json\/wp\/v2\/types\/page"}],"author":[{"embeddable":true,"href":"https:\/\/linearmediapro.com\/es\/wp-json\/wp\/v2\/users\/1"}],"replies":[{"embeddable":true,"href":"https:\/\/linearmediapro.com\/es\/wp-json\/wp\/v2\/comments?post=16239"}],"version-history":[{"count":15,"href":"https:\/\/linearmediapro.com\/es\/wp-json\/wp\/v2\/pages\/16239\/revisions"}],"predecessor-version":[{"id":16637,"href":"https:\/\/linearmediapro.com\/es\/wp-json\/wp\/v2\/pages\/16239\/revisions\/16637"}],"wp:attachment":[{"href":"https:\/\/linearmediapro.com\/es\/wp-json\/wp\/v2\/media?parent=16239"}],"curies":[{"name":"wp","href":"https:\/\/api.w.org\/{rel}","templated":true}]}}